{"id":205,"date":"2017-01-04T10:40:25","date_gmt":"2017-01-04T09:40:25","guid":{"rendered":"http:\/\/dev2.noveo.pl\/hoteldrywa\/restauracja\/?lang=de"},"modified":"2025-03-10T17:38:06","modified_gmt":"2025-03-10T16:38:06","slug":"restauracja","status":"publish","type":"page","link":"http:\/\/hoteldrywa.gda.pl\/de\/restauracja\/","title":{"rendered":"Restaurant"},"content":{"rendered":"<p>Das Hotelrestaurant serviert polnische Spezialit\u00e4ten.<\/p>\n<p><strong>Empfehlen wir:<\/strong><\/p>\n<ul>\n<li>Dish \u017bu\u0142awski<\/li>\n<li>Chuck Steak mit Kr\u00e4uterknoblauchbutter gegrillt<\/li>\n<li>Lachs in Dillsauce<\/li>\n<li>Und viele andere leckere Gerichte.<\/li>\n<\/ul>\n<p><strong>Ge\u00f6ffnet von <span style=\"font-family: georgia, palatino, serif;\">7.00 bis 21.00<\/span> Stunden pro Tag.<\/strong><\/p>\n","protected":false},"excerpt":{"rendered":"<p>Das Hotelrestaurant serviert polnische Spezialit\u00e4ten. Empfehlen wir: Dish \u017bu\u0142awski Chuck Steak mit Kr\u00e4uterknoblauchbutter gegrillt Lachs in Dillsauce Und viele andere leckere Gerichte. Ge\u00f6ffnet von 7.00 bis 21.00 Stunden pro Tag.<\/p>\n","protected":false},"author":2,"featured_media":0,"parent":0,"menu_order":0,"comment_status":"closed","ping_status":"closed","template":"","meta":[],"yoast_head":"<!-- This site is optimized with the Yoast SEO plugin v15.4 - https:\/\/yoast.com\/wordpress\/plugins\/seo\/ -->\n<title>Restaurant - Hotel Drywa<\/title>\n<meta name=\"robots\" content=\"index, follow, max-snippet:-1, max-image-preview:large, max-video-preview:-1\" \/>\n<link rel=\"canonical\" href=\"http:\/\/hoteldrywa.gda.pl\/de\/restauracja\/\" \/>\n<meta property=\"og:locale\" content=\"de_DE\" \/>\n<meta property=\"og:type\" content=\"article\" \/>\n<meta property=\"og:title\" content=\"Restaurant - Hotel Drywa\" \/>\n<meta property=\"og:description\" content=\"Das Hotelrestaurant serviert polnische Spezialit\u00e4ten. Empfehlen wir: Dish \u017bu\u0142awski Chuck Steak mit Kr\u00e4uterknoblauchbutter gegrillt Lachs in Dillsauce Und viele andere leckere Gerichte. Ge\u00f6ffnet von 7.00 bis 21.00 Stunden pro Tag.\" \/>\n<meta property=\"og:url\" content=\"http:\/\/hoteldrywa.gda.pl\/de\/restauracja\/\" \/>\n<meta property=\"og:site_name\" content=\"Hotel Drywa\" \/>\n<meta property=\"article:modified_time\" content=\"2025-03-10T16:38:06+00:00\" \/>\n<meta name=\"twitter:card\" content=\"summary\" \/>\n<meta name=\"twitter:label1\" content=\"Verfasst von\">\n\t<meta name=\"twitter:data1\" content=\"Noveo Noveo\">\n\t<meta name=\"twitter:label2\" content=\"Gesch\u00e4tzte Lesezeit\">\n\t<meta name=\"twitter:data2\" content=\"0\u00a0Minuten\">\n<script type=\"application\/ld+json\" class=\"yoast-schema-graph\">{\"@context\":\"https:\/\/schema.org\",\"@graph\":[{\"@type\":\"WebSite\",\"@id\":\"https:\/\/hoteldrywa.gda.pl\/#website\",\"url\":\"https:\/\/hoteldrywa.gda.pl\/\",\"name\":\"Hotel Drywa\",\"description\":\"wypoczynek nad morzem\",\"potentialAction\":[{\"@type\":\"SearchAction\",\"target\":\"https:\/\/hoteldrywa.gda.pl\/?s={search_term_string}\",\"query-input\":\"required name=search_term_string\"}],\"inLanguage\":\"de\"},{\"@type\":\"WebPage\",\"@id\":\"http:\/\/hoteldrywa.gda.pl\/de\/restauracja\/#webpage\",\"url\":\"http:\/\/hoteldrywa.gda.pl\/de\/restauracja\/\",\"name\":\"Restaurant - Hotel Drywa\",\"isPartOf\":{\"@id\":\"https:\/\/hoteldrywa.gda.pl\/#website\"},\"datePublished\":\"2017-01-04T09:40:25+00:00\",\"dateModified\":\"2025-03-10T16:38:06+00:00\",\"inLanguage\":\"de\",\"potentialAction\":[{\"@type\":\"ReadAction\",\"target\":[\"http:\/\/hoteldrywa.gda.pl\/de\/restauracja\/\"]}]}]}<\/script>\n<!-- \/ Yoast SEO plugin. -->","_links":{"self":[{"href":"http:\/\/hoteldrywa.gda.pl\/de\/wp-json\/wp\/v2\/pages\/205"}],"collection":[{"href":"http:\/\/hoteldrywa.gda.pl\/de\/wp-json\/wp\/v2\/pages"}],"about":[{"href":"http:\/\/hoteldrywa.gda.pl\/de\/wp-json\/wp\/v2\/types\/page"}],"author":[{"embeddable":true,"href":"http:\/\/hoteldrywa.gda.pl\/de\/wp-json\/wp\/v2\/users\/2"}],"replies":[{"embeddable":true,"href":"http:\/\/hoteldrywa.gda.pl\/de\/wp-json\/wp\/v2\/comments?post=205"}],"version-history":[{"count":5,"href":"http:\/\/hoteldrywa.gda.pl\/de\/wp-json\/wp\/v2\/pages\/205\/revisions"}],"predecessor-version":[{"id":788,"href":"http:\/\/hoteldrywa.gda.pl\/de\/wp-json\/wp\/v2\/pages\/205\/revisions\/788"}],"wp:attachment":[{"href":"http:\/\/hoteldrywa.gda.pl\/de\/wp-json\/wp\/v2\/media?parent=205"}],"curies":[{"name":"wp","href":"https:\/\/api.w.org\/{rel}","templated":true}]}}