{"id":239,"date":"2017-01-04T14:35:14","date_gmt":"2017-01-04T13:35:14","guid":{"rendered":"http:\/\/dev2.noveo.pl\/hoteldrywa\/strona-glowna\/"},"modified":"2017-02-01T12:06:35","modified_gmt":"2017-02-01T11:06:35","slug":"strona-glowna","status":"publish","type":"page","link":"http:\/\/hoteldrywa.gda.pl\/de\/","title":{"rendered":"Strona g\u0142\u00f3wna"},"content":{"rendered":"<p><span class=\"hps\">Hotels<\/span> <span class=\"hps\">an der Nationalen<\/span> <span class=\"hps\">E-7<\/span> <span class=\"hps\">Danzig<\/span>-Warschau <span class=\"hps\">liegt<\/span>, seine Lage <span class=\"hps\">ein gro\u00dfartiger Ort<\/span>, um <span class=\"hps\">Ihnen den Atem<\/span> <span class=\"hps\">aus dem<\/span> <span class=\"hps\">Trubel der Stadt<\/span>, in der <span class=\"hps\">gro\u00dfen Menge an<\/span><span class=\"hps\">Gr\u00fcnfl\u00e4chen<\/span> <span class=\"hps\">rund um das Objekt<\/span> <span class=\"hps\">hilft Fang<\/span> <span class=\"hps\">ist<\/span>, <span class=\"hps\">ist ein idealer <strong>Ausgangspunkt<\/strong><\/span><strong> <span class=\"hps\">f\u00fcr viele Reisende<\/span>,<\/strong> Touristen <span class=\"hps\">und Gesch\u00e4ftskunden.<\/span> <span class=\"hps\">An<\/span> <span class=\"hps\">den Fingerspitzen<\/span> <span class=\"hps\">sind die<\/span><span class=\"hps\">Kleinanzeigen<\/span><span class=\"atn\">&#8211;<\/span>Fahrzeit 20 Minuten, Malbork-30 <span class=\"hps\">Minuten,<\/span><span class=\"hps\">Mikoszewo<\/span> <span class=\"hps\">Strand<\/span>, <strong>Ostsee, <\/strong><span class=\"hps\"><strong>10 Minuten.<\/strong><\/span> <span class=\"hps\">Dar\u00fcber hinaus<\/span>, unsere G\u00e4ste mit <span class=\"hps\">einem Restaurant<\/span> <span class=\"hps\">mit einer gro\u00dfen Auswahl<\/span> <span class=\"hps\">an Speisen<\/span> <span class=\"hps\">auf Bestellung zubereitet werden<\/span><span class=\"hps\">k\u00f6nnen.<\/span> <span class=\"hps\">Wir bevorzugen die<\/span> <span class=\"hps\">polnische K\u00fcche<\/span>. <span class=\"hps\">Wir haben auch<\/span> <span class=\"hps\">Konferenzr\u00e4ume,<\/span> <span class=\"hps\">die eine<\/span> <span class=\"hps\">Vielzahl von Veranstaltungen<\/span>, gesellige Zusammenk\u00fcnfte <strong><span class=\"hps\">und<\/span><span class=\"hps\">Corporate Training<\/span> <\/strong><span class=\"hps\"><strong>zu erm\u00f6glichen.<\/strong><\/span><\/p>\n","protected":false},"excerpt":{"rendered":"<p>Hotels an der Nationalen E-7 Danzig-Warschau liegt, seine Lage ein gro\u00dfartiger Ort, um Ihnen den Atem aus dem Trubel der Stadt, in der gro\u00dfen Menge anGr\u00fcnfl\u00e4chen rund um das Objekt hilft Fang ist, ist ein idealer Ausgangspunkt f\u00fcr viele Reisende, Touristen und Gesch\u00e4ftskunden. An den Fingerspitzen sind dieKleinanzeigen&#8211;Fahrzeit 20 Minuten, Malbork-30 Minuten,Mikoszewo Strand, Ostsee, 10 [&hellip;]<\/p>\n","protected":false},"author":2,"featured_media":0,"parent":0,"menu_order":0,"comment_status":"closed","ping_status":"closed","template":"","meta":[],"yoast_head":"<!-- This site is optimized with the Yoast SEO plugin v15.4 - https:\/\/yoast.com\/wordpress\/plugins\/seo\/ -->\n<title>Strona g\u0142\u00f3wna - Hotel Drywa<\/title>\n<meta name=\"robots\" content=\"index, follow, max-snippet:-1, max-image-preview:large, max-video-preview:-1\" \/>\n<link rel=\"canonical\" href=\"http:\/\/hoteldrywa.gda.pl\/de\/\" \/>\n<meta property=\"og:locale\" content=\"de_DE\" \/>\n<meta property=\"og:type\" content=\"article\" \/>\n<meta property=\"og:title\" content=\"Strona g\u0142\u00f3wna - Hotel Drywa\" \/>\n<meta property=\"og:description\" content=\"Hotels an der Nationalen E-7 Danzig-Warschau liegt, seine Lage ein gro\u00dfartiger Ort, um Ihnen den Atem aus dem Trubel der Stadt, in der gro\u00dfen Menge anGr\u00fcnfl\u00e4chen rund um das Objekt hilft Fang ist, ist ein idealer Ausgangspunkt f\u00fcr viele Reisende, Touristen und Gesch\u00e4ftskunden. An den Fingerspitzen sind dieKleinanzeigen&#8211;Fahrzeit 20 Minuten, Malbork-30 Minuten,Mikoszewo Strand, Ostsee, 10 [&hellip;]\" \/>\n<meta property=\"og:url\" content=\"http:\/\/hoteldrywa.gda.pl\/de\/\" \/>\n<meta property=\"og:site_name\" content=\"Hotel Drywa\" \/>\n<meta property=\"article:modified_time\" content=\"2017-02-01T11:06:35+00:00\" \/>\n<meta name=\"twitter:card\" content=\"summary\" \/>\n<meta name=\"twitter:label1\" content=\"Verfasst von\">\n\t<meta name=\"twitter:data1\" content=\"Noveo Noveo\">\n\t<meta name=\"twitter:label2\" content=\"Gesch\u00e4tzte Lesezeit\">\n\t<meta name=\"twitter:data2\" content=\"0\u00a0Minuten\">\n<script type=\"application\/ld+json\" class=\"yoast-schema-graph\">{\"@context\":\"https:\/\/schema.org\",\"@graph\":[{\"@type\":\"WebSite\",\"@id\":\"https:\/\/hoteldrywa.gda.pl\/#website\",\"url\":\"https:\/\/hoteldrywa.gda.pl\/\",\"name\":\"Hotel Drywa\",\"description\":\"wypoczynek nad morzem\",\"potentialAction\":[{\"@type\":\"SearchAction\",\"target\":\"https:\/\/hoteldrywa.gda.pl\/?s={search_term_string}\",\"query-input\":\"required name=search_term_string\"}],\"inLanguage\":\"de\"},{\"@type\":\"WebPage\",\"@id\":\"http:\/\/hoteldrywa.gda.pl\/de\/#webpage\",\"url\":\"http:\/\/hoteldrywa.gda.pl\/de\/\",\"name\":\"Strona g\\u0142\\u00f3wna - Hotel Drywa\",\"isPartOf\":{\"@id\":\"https:\/\/hoteldrywa.gda.pl\/#website\"},\"datePublished\":\"2017-01-04T13:35:14+00:00\",\"dateModified\":\"2017-02-01T11:06:35+00:00\",\"inLanguage\":\"de\",\"potentialAction\":[{\"@type\":\"ReadAction\",\"target\":[\"http:\/\/hoteldrywa.gda.pl\/de\/\"]}]}]}<\/script>\n<!-- \/ Yoast SEO plugin. -->","_links":{"self":[{"href":"http:\/\/hoteldrywa.gda.pl\/de\/wp-json\/wp\/v2\/pages\/239"}],"collection":[{"href":"http:\/\/hoteldrywa.gda.pl\/de\/wp-json\/wp\/v2\/pages"}],"about":[{"href":"http:\/\/hoteldrywa.gda.pl\/de\/wp-json\/wp\/v2\/types\/page"}],"author":[{"embeddable":true,"href":"http:\/\/hoteldrywa.gda.pl\/de\/wp-json\/wp\/v2\/users\/2"}],"replies":[{"embeddable":true,"href":"http:\/\/hoteldrywa.gda.pl\/de\/wp-json\/wp\/v2\/comments?post=239"}],"version-history":[{"count":17,"href":"http:\/\/hoteldrywa.gda.pl\/de\/wp-json\/wp\/v2\/pages\/239\/revisions"}],"predecessor-version":[{"id":464,"href":"http:\/\/hoteldrywa.gda.pl\/de\/wp-json\/wp\/v2\/pages\/239\/revisions\/464"}],"wp:attachment":[{"href":"http:\/\/hoteldrywa.gda.pl\/de\/wp-json\/wp\/v2\/media?parent=239"}],"curies":[{"name":"wp","href":"https:\/\/api.w.org\/{rel}","templated":true}]}}