{"id":277,"date":"2017-01-04T10:41:15","date_gmt":"2017-01-04T09:41:15","guid":{"rendered":"http:\/\/dev2.noveo.pl\/hoteldrywa\/dla-firm\/"},"modified":"2017-01-31T08:34:25","modified_gmt":"2017-01-31T07:34:25","slug":"dla-firm","status":"publish","type":"page","link":"http:\/\/hoteldrywa.gda.pl\/de\/dla-firm\/","title":{"rendered":"f\u00fcr Unternehmen"},"content":{"rendered":"<p>Drywa Hotel verf\u00fcgt \u00fcber klimatisierte und komfortable Konferenz-Training. Das Hotel befindet sich in der N\u00e4he von Gdansk (20 min von der Innenstadt).<\/p>\n<p><strong>Die Halle ist in der Lage bis zu 150 Personen Platz bieten<\/strong>. Wir bieten Multimedia-Ausstattung und Catering-Service. Ein kleiner Abstand von Danzig, bequem und schnell Zugang \u00fcberwacht Auto erf\u00fcllt alle Anforderungen der Teilnehmer und der Konferenz. willkommen<\/p>\n","protected":false},"excerpt":{"rendered":"<p>Drywa Hotel verf\u00fcgt \u00fcber klimatisierte und komfortable Konferenz-Training. Das Hotel befindet sich in der N\u00e4he von Gdansk (20 min von der Innenstadt). Die Halle ist in der Lage bis zu 150 Personen Platz bieten. Wir bieten Multimedia-Ausstattung und Catering-Service. Ein kleiner Abstand von Danzig, bequem und schnell Zugang \u00fcberwacht Auto erf\u00fcllt alle Anforderungen der Teilnehmer [&hellip;]<\/p>\n","protected":false},"author":2,"featured_media":0,"parent":0,"menu_order":0,"comment_status":"closed","ping_status":"closed","template":"","meta":[],"yoast_head":"<!-- This site is optimized with the Yoast SEO plugin v15.4 - https:\/\/yoast.com\/wordpress\/plugins\/seo\/ -->\n<title>f\u00fcr Unternehmen - Hotel Drywa<\/title>\n<meta name=\"robots\" content=\"index, follow, max-snippet:-1, max-image-preview:large, max-video-preview:-1\" \/>\n<link rel=\"canonical\" href=\"http:\/\/hoteldrywa.gda.pl\/de\/dla-firm\/\" \/>\n<meta property=\"og:locale\" content=\"de_DE\" \/>\n<meta property=\"og:type\" content=\"article\" \/>\n<meta property=\"og:title\" content=\"f\u00fcr Unternehmen - Hotel Drywa\" \/>\n<meta property=\"og:description\" content=\"Drywa Hotel verf\u00fcgt \u00fcber klimatisierte und komfortable Konferenz-Training. Das Hotel befindet sich in der N\u00e4he von Gdansk (20 min von der Innenstadt). Die Halle ist in der Lage bis zu 150 Personen Platz bieten. Wir bieten Multimedia-Ausstattung und Catering-Service. Ein kleiner Abstand von Danzig, bequem und schnell Zugang \u00fcberwacht Auto erf\u00fcllt alle Anforderungen der Teilnehmer [&hellip;]\" \/>\n<meta property=\"og:url\" content=\"http:\/\/hoteldrywa.gda.pl\/de\/dla-firm\/\" \/>\n<meta property=\"og:site_name\" content=\"Hotel Drywa\" \/>\n<meta property=\"article:modified_time\" content=\"2017-01-31T07:34:25+00:00\" \/>\n<meta name=\"twitter:card\" content=\"summary\" \/>\n<meta name=\"twitter:label1\" content=\"Verfasst von\">\n\t<meta name=\"twitter:data1\" content=\"Noveo Noveo\">\n\t<meta name=\"twitter:label2\" content=\"Gesch\u00e4tzte Lesezeit\">\n\t<meta name=\"twitter:data2\" content=\"0\u00a0Minuten\">\n<script type=\"application\/ld+json\" class=\"yoast-schema-graph\">{\"@context\":\"https:\/\/schema.org\",\"@graph\":[{\"@type\":\"WebSite\",\"@id\":\"https:\/\/hoteldrywa.gda.pl\/#website\",\"url\":\"https:\/\/hoteldrywa.gda.pl\/\",\"name\":\"Hotel Drywa\",\"description\":\"wypoczynek nad morzem\",\"potentialAction\":[{\"@type\":\"SearchAction\",\"target\":\"https:\/\/hoteldrywa.gda.pl\/?s={search_term_string}\",\"query-input\":\"required name=search_term_string\"}],\"inLanguage\":\"de\"},{\"@type\":\"WebPage\",\"@id\":\"http:\/\/hoteldrywa.gda.pl\/de\/dla-firm\/#webpage\",\"url\":\"http:\/\/hoteldrywa.gda.pl\/de\/dla-firm\/\",\"name\":\"f\\u00fcr Unternehmen - Hotel Drywa\",\"isPartOf\":{\"@id\":\"https:\/\/hoteldrywa.gda.pl\/#website\"},\"datePublished\":\"2017-01-04T09:41:15+00:00\",\"dateModified\":\"2017-01-31T07:34:25+00:00\",\"inLanguage\":\"de\",\"potentialAction\":[{\"@type\":\"ReadAction\",\"target\":[\"http:\/\/hoteldrywa.gda.pl\/de\/dla-firm\/\"]}]}]}<\/script>\n<!-- \/ Yoast SEO plugin. -->","_links":{"self":[{"href":"http:\/\/hoteldrywa.gda.pl\/de\/wp-json\/wp\/v2\/pages\/277"}],"collection":[{"href":"http:\/\/hoteldrywa.gda.pl\/de\/wp-json\/wp\/v2\/pages"}],"about":[{"href":"http:\/\/hoteldrywa.gda.pl\/de\/wp-json\/wp\/v2\/types\/page"}],"author":[{"embeddable":true,"href":"http:\/\/hoteldrywa.gda.pl\/de\/wp-json\/wp\/v2\/users\/2"}],"replies":[{"embeddable":true,"href":"http:\/\/hoteldrywa.gda.pl\/de\/wp-json\/wp\/v2\/comments?post=277"}],"version-history":[{"count":4,"href":"http:\/\/hoteldrywa.gda.pl\/de\/wp-json\/wp\/v2\/pages\/277\/revisions"}],"predecessor-version":[{"id":454,"href":"http:\/\/hoteldrywa.gda.pl\/de\/wp-json\/wp\/v2\/pages\/277\/revisions\/454"}],"wp:attachment":[{"href":"http:\/\/hoteldrywa.gda.pl\/de\/wp-json\/wp\/v2\/media?parent=277"}],"curies":[{"name":"wp","href":"https:\/\/api.w.org\/{rel}","templated":true}]}}