{"id":228,"date":"2017-01-04T14:35:14","date_gmt":"2017-01-04T13:35:14","guid":{"rendered":"http:\/\/dev2.noveo.pl\/hoteldrywa\/strona-glowna\/"},"modified":"2017-02-01T12:06:16","modified_gmt":"2017-02-01T11:06:16","slug":"strona-glowna","status":"publish","type":"page","link":"http:\/\/hoteldrywa.gda.pl\/en\/","title":{"rendered":"Strona g\u0142\u00f3wna"},"content":{"rendered":"<p>Hotel is located at the National E-7 Gda\u0144sk-Warszawa, its location is a great place to catch your breath from the bustle of the city in which helps large amount of <strong>green space around the object,<\/strong> is an ideal base for many travelers, tourists and business clients. At your fingertips are the Classifieds-travel time 20 minutes, Malbork-30 minutes, Mikoszewo beach, <strong>Baltic Sea, 10 minutes.<\/strong> In addition, to provide our guests with a restaurant with a wide variety of meals prepared to order. We prefer the Polish cuisine. We also have <strong>conference room<\/strong> facilities, which enable a variety of events, social gatherings and <strong>corporate training.<\/strong><\/p>\n","protected":false},"excerpt":{"rendered":"<p>Hotel is located at the National E-7 Gda\u0144sk-Warszawa, its location is a great place to catch your breath from the bustle of the city in which helps large amount of green space around the object, is an ideal base for many travelers, tourists and business clients. At your fingertips are the Classifieds-travel time 20 minutes, [&hellip;]<\/p>\n","protected":false},"author":2,"featured_media":0,"parent":0,"menu_order":0,"comment_status":"closed","ping_status":"closed","template":"","meta":[],"yoast_head":"<!-- This site is optimized with the Yoast SEO plugin v15.4 - https:\/\/yoast.com\/wordpress\/plugins\/seo\/ -->\n<title>Strona g\u0142\u00f3wna - Hotel Drywa<\/title>\n<meta name=\"robots\" content=\"index, follow, max-snippet:-1, max-image-preview:large, max-video-preview:-1\" \/>\n<link rel=\"canonical\" href=\"http:\/\/hoteldrywa.gda.pl\/en\/\" \/>\n<meta property=\"og:locale\" content=\"en_US\" \/>\n<meta property=\"og:type\" content=\"article\" \/>\n<meta property=\"og:title\" content=\"Strona g\u0142\u00f3wna - Hotel Drywa\" \/>\n<meta property=\"og:description\" content=\"Hotel is located at the National E-7 Gda\u0144sk-Warszawa, its location is a great place to catch your breath from the bustle of the city in which helps large amount of green space around the object, is an ideal base for many travelers, tourists and business clients. At your fingertips are the Classifieds-travel time 20 minutes, [&hellip;]\" \/>\n<meta property=\"og:url\" content=\"http:\/\/hoteldrywa.gda.pl\/en\/\" \/>\n<meta property=\"og:site_name\" content=\"Hotel Drywa\" \/>\n<meta property=\"article:modified_time\" content=\"2017-02-01T11:06:16+00:00\" \/>\n<meta name=\"twitter:card\" content=\"summary\" \/>\n<meta name=\"twitter:label1\" content=\"Written by\">\n\t<meta name=\"twitter:data1\" content=\"Noveo Noveo\">\n\t<meta name=\"twitter:label2\" content=\"Est. reading time\">\n\t<meta name=\"twitter:data2\" content=\"0 minutes\">\n<script type=\"application\/ld+json\" class=\"yoast-schema-graph\">{\"@context\":\"https:\/\/schema.org\",\"@graph\":[{\"@type\":\"WebSite\",\"@id\":\"https:\/\/hoteldrywa.gda.pl\/#website\",\"url\":\"https:\/\/hoteldrywa.gda.pl\/\",\"name\":\"Hotel Drywa\",\"description\":\"wypoczynek nad morzem\",\"potentialAction\":[{\"@type\":\"SearchAction\",\"target\":\"https:\/\/hoteldrywa.gda.pl\/?s={search_term_string}\",\"query-input\":\"required name=search_term_string\"}],\"inLanguage\":\"en-US\"},{\"@type\":\"WebPage\",\"@id\":\"http:\/\/hoteldrywa.gda.pl\/en\/#webpage\",\"url\":\"http:\/\/hoteldrywa.gda.pl\/en\/\",\"name\":\"Strona g\\u0142\\u00f3wna - Hotel Drywa\",\"isPartOf\":{\"@id\":\"https:\/\/hoteldrywa.gda.pl\/#website\"},\"datePublished\":\"2017-01-04T13:35:14+00:00\",\"dateModified\":\"2017-02-01T11:06:16+00:00\",\"inLanguage\":\"en-US\",\"potentialAction\":[{\"@type\":\"ReadAction\",\"target\":[\"http:\/\/hoteldrywa.gda.pl\/en\/\"]}]}]}<\/script>\n<!-- \/ Yoast SEO plugin. -->","_links":{"self":[{"href":"http:\/\/hoteldrywa.gda.pl\/en\/wp-json\/wp\/v2\/pages\/228"}],"collection":[{"href":"http:\/\/hoteldrywa.gda.pl\/en\/wp-json\/wp\/v2\/pages"}],"about":[{"href":"http:\/\/hoteldrywa.gda.pl\/en\/wp-json\/wp\/v2\/types\/page"}],"author":[{"embeddable":true,"href":"http:\/\/hoteldrywa.gda.pl\/en\/wp-json\/wp\/v2\/users\/2"}],"replies":[{"embeddable":true,"href":"http:\/\/hoteldrywa.gda.pl\/en\/wp-json\/wp\/v2\/comments?post=228"}],"version-history":[{"count":13,"href":"http:\/\/hoteldrywa.gda.pl\/en\/wp-json\/wp\/v2\/pages\/228\/revisions"}],"predecessor-version":[{"id":463,"href":"http:\/\/hoteldrywa.gda.pl\/en\/wp-json\/wp\/v2\/pages\/228\/revisions\/463"}],"wp:attachment":[{"href":"http:\/\/hoteldrywa.gda.pl\/en\/wp-json\/wp\/v2\/media?parent=228"}],"curies":[{"name":"wp","href":"https:\/\/api.w.org\/{rel}","templated":true}]}}